{"id":186,"date":"2022-08-26T13:15:48","date_gmt":"2022-08-26T13:15:48","guid":{"rendered":"https:\/\/apm3g.com\/?page_id=186"},"modified":"2022-08-29T20:03:52","modified_gmt":"2022-08-29T20:03:52","slug":"186-2","status":"publish","type":"page","link":"https:\/\/apm3g.com\/index.php\/186-2\/","title":{"rendered":"Qui sommes nous?"},"content":{"rendered":"<p>[et_pb_section fb_built=\u00a0\u00bb1&Prime; fullwidth=\u00a0\u00bbon\u00a0\u00bb _builder_version=\u00a0\u00bb3.22&Prime; background_color=\u00a0\u00bb#2ea3f2&Prime; use_background_color_gradient=\u00a0\u00bbon\u00a0\u00bb background_color_gradient_start=\u00a0\u00bb#2ea3f2&Prime; background_color_gradient_end=\u00a0\u00bb#2e6df4&Prime; background_color_gradient_direction=\u00a0\u00bb330deg\u00a0\u00bb global_colors_info=\u00a0\u00bb{}\u00a0\u00bb][et_pb_fullwidth_header title=\u00a0\u00bbQui sommes nous?\u00a0\u00bb content_max_width=\u00a0\u00bbnone\u00a0\u00bb _builder_version=\u00a0\u00bb4.14.4&Prime; background_color=\u00a0\u00bbrgba(255, 255, 255, 0)\u00a0\u00bb global_colors_info=\u00a0\u00bb{}\u00a0\u00bb button_one_text_size__hover_enabled=\u00a0\u00bboff\u00a0\u00bb button_two_text_size__hover_enabled=\u00a0\u00bboff\u00a0\u00bb button_one_text_color__hover_enabled=\u00a0\u00bboff\u00a0\u00bb button_two_text_color__hover_enabled=\u00a0\u00bboff\u00a0\u00bb button_one_border_width__hover_enabled=\u00a0\u00bboff\u00a0\u00bb button_two_border_width__hover_enabled=\u00a0\u00bboff\u00a0\u00bb button_one_border_color__hover_enabled=\u00a0\u00bboff\u00a0\u00bb button_two_border_color__hover_enabled=\u00a0\u00bboff\u00a0\u00bb button_one_border_radius__hover_enabled=\u00a0\u00bboff\u00a0\u00bb button_two_border_radius__hover_enabled=\u00a0\u00bboff\u00a0\u00bb button_one_letter_spacing__hover_enabled=\u00a0\u00bboff\u00a0\u00bb button_two_letter_spacing__hover_enabled=\u00a0\u00bboff\u00a0\u00bb button_one_bg_color__hover_enabled=\u00a0\u00bboff\u00a0\u00bb button_two_bg_color__hover_enabled=\u00a0\u00bboff\u00a0\u00bb][\/et_pb_fullwidth_header][\/et_pb_section][et_pb_section fb_built=\u00a0\u00bb1&Prime; _builder_version=\u00a0\u00bb3.22&Prime; background_color=\u00a0\u00bb#f7f7f7&Prime; global_colors_info=\u00a0\u00bb{}\u00a0\u00bb][et_pb_row column_structure=\u00a0\u00bb1_3,2_3&Prime; _builder_version=\u00a0\u00bb3.25&Prime; background_size=\u00a0\u00bbinitial\u00a0\u00bb background_position=\u00a0\u00bbtop_left\u00a0\u00bb background_repeat=\u00a0\u00bbrepeat\u00a0\u00bb global_colors_info=\u00a0\u00bb{}\u00a0\u00bb][et_pb_column type=\u00a0\u00bb1_3&Prime; _builder_version=\u00a0\u00bb3.25&Prime; custom_padding=\u00a0\u00bb|||\u00a0\u00bb global_colors_info=\u00a0\u00bb{}\u00a0\u00bb custom_padding__hover=\u00a0\u00bb|||\u00a0\u00bb][et_pb_text _builder_version=\u00a0\u00bb4.14.4&Prime; background_size=\u00a0\u00bbinitial\u00a0\u00bb background_position=\u00a0\u00bbtop_left\u00a0\u00bb background_repeat=\u00a0\u00bbrepeat\u00a0\u00bb global_colors_info=\u00a0\u00bb{}\u00a0\u00bb]<\/p>\n<h1>Notre histoire<\/h1>\n<p>Curabitur quis dui volutpat, cursus eros ut, commodo elit. Cum sociis natoque penatibus et magnis dis parturient montes, nascetur ridiculus mus. Ut id est euismod, rhoncus nunc quis, lobortis turpis. Tam sociis natoque. Curabitur quis dui volutpat, cursus eros ut, commodo elit. Cum sociis natoque penatibus et magnis dis parturient montes.<\/p>\n<p>[\/et_pb_text][\/et_pb_column][et_pb_column type=\u00a0\u00bb2_3&Prime; _builder_version=\u00a0\u00bb3.25&Prime; custom_padding=\u00a0\u00bb|||\u00a0\u00bb global_colors_info=\u00a0\u00bb{}\u00a0\u00bb custom_padding__hover=\u00a0\u00bb|||\u00a0\u00bb][et_pb_image src=\u00a0\u00bbhttps:\/\/apm3g.com\/wp-content\/uploads\/2022\/08\/foret.jpg\u00a0\u00bb title_text=\u00a0\u00bbforet\u00a0\u00bb _builder_version=\u00a0\u00bb4.14.4&Prime; _module_preset=\u00a0\u00bbdefault\u00a0\u00bb global_colors_info=\u00a0\u00bb{}\u00a0\u00bb][\/et_pb_image][\/et_pb_column][\/et_pb_row][\/et_pb_section][et_pb_section fb_built=\u00a0\u00bb1&Prime; _builder_version=\u00a0\u00bb3.22&Prime; global_colors_info=\u00a0\u00bb{}\u00a0\u00bb][et_pb_row column_structure=\u00a0\u00bb1_3,1_3,1_3&Prime; _builder_version=\u00a0\u00bb3.25&Prime; background_size=\u00a0\u00bbinitial\u00a0\u00bb background_position=\u00a0\u00bbtop_left\u00a0\u00bb background_repeat=\u00a0\u00bbrepeat\u00a0\u00bb global_colors_info=\u00a0\u00bb{}\u00a0\u00bb][et_pb_column type=\u00a0\u00bb1_3&Prime; _builder_version=\u00a0\u00bb3.25&Prime; custom_padding=\u00a0\u00bb|||\u00a0\u00bb global_colors_info=\u00a0\u00bb{}\u00a0\u00bb custom_padding__hover=\u00a0\u00bb|||\u00a0\u00bb][et_pb_team_member name=\u00a0\u00bbNide Ga\u00ebl BOULINGUI\u00a0\u00bb position=\u00a0\u00bbPr\u00e9sident de l&rsquo;association\u00a0\u00bb image_url=\u00a0\u00bbhttps:\/\/apm3g.com\/wp-content\/uploads\/2022\/08\/C4A155D0-F818-4B20-8176-185B313EBAE9.jpeg\u00a0\u00bb facebook_url=\u00a0\u00bb#\u00a0\u00bb twitter_url=\u00a0\u00bb#\u00a0\u00bb google_url=\u00a0\u00bb#\u00a0\u00bb linkedin_url=\u00a0\u00bb#\u00a0\u00bb icon_color=\u00a0\u00bb#2ea3f2&Prime; admin_label=\u00a0\u00bbTeam Member\u00a0\u00bb _builder_version=\u00a0\u00bb4.14.4&Prime; background_size=\u00a0\u00bbinitial\u00a0\u00bb background_position=\u00a0\u00bbtop_left\u00a0\u00bb background_repeat=\u00a0\u00bbrepeat\u00a0\u00bb animation=\u00a0\u00bbfade_in\u00a0\u00bb global_colors_info=\u00a0\u00bb{}\u00a0\u00bb]<\/p>\n<p>Aenean consectetur ipsum ante, vel egestas enim tincidunt quis. Pellentesque vitae congue neque, vel mattis ante. In vitae tempus nunc.<\/p>\n<p>[\/et_pb_team_member][et_pb_team_member name=\u00a0\u00bbArdin Ga\u00ebl BOUBALA\u00a0\u00bb position=\u00a0\u00bbSecr\u00e9taire g\u00e9n\u00e9ral adjoint\u00a0\u00bb image_url=\u00a0\u00bbhttps:\/\/apm3g.com\/wp-content\/uploads\/2022\/08\/logo_APM.png\u00a0\u00bb facebook_url=\u00a0\u00bb#\u00a0\u00bb twitter_url=\u00a0\u00bb#\u00a0\u00bb google_url=\u00a0\u00bb#\u00a0\u00bb linkedin_url=\u00a0\u00bb#\u00a0\u00bb icon_color=\u00a0\u00bb#2ea3f2&Prime; admin_label=\u00a0\u00bbTeam Member\u00a0\u00bb _builder_version=\u00a0\u00bb4.14.4&Prime; background_size=\u00a0\u00bbinitial\u00a0\u00bb background_position=\u00a0\u00bbtop_left\u00a0\u00bb background_repeat=\u00a0\u00bbrepeat\u00a0\u00bb custom_margin=\u00a0\u00bb6px||||false|false\u00a0\u00bb custom_padding=\u00a0\u00bb28px||0px||false|false\u00a0\u00bb animation=\u00a0\u00bbfade_in\u00a0\u00bb hover_enabled=\u00a0\u00bb0&Prime; global_colors_info=\u00a0\u00bb{}\u00a0\u00bb sticky_enabled=\u00a0\u00bb0&Prime;]<\/p>\n<p>Aenean consectetur ipsum ante, vel egestas enim tincidunt quis. Pellentesque vitae congue neque, vel mattis ante. In vitae tempus nunc.<\/p>\n<p>[\/et_pb_team_member][\/et_pb_column][et_pb_column type=\u00a0\u00bb1_3&Prime; _builder_version=\u00a0\u00bb3.25&Prime; custom_padding=\u00a0\u00bb|||\u00a0\u00bb global_colors_info=\u00a0\u00bb{}\u00a0\u00bb custom_padding__hover=\u00a0\u00bb|||\u00a0\u00bb][et_pb_team_member name=\u00a0\u00bbJeff Virgile BOUCKA\u00a0\u00bb position=\u00a0\u00bbVice president de l&rsquo;association\u00a0\u00bb image_url=\u00a0\u00bbhttps:\/\/apm3g.com\/wp-content\/uploads\/2022\/08\/logo_APM.png\u00a0\u00bb facebook_url=\u00a0\u00bb#\u00a0\u00bb twitter_url=\u00a0\u00bb#\u00a0\u00bb google_url=\u00a0\u00bb#\u00a0\u00bb linkedin_url=\u00a0\u00bb#\u00a0\u00bb icon_color=\u00a0\u00bb#2ea3f2&Prime; admin_label=\u00a0\u00bbTeam Member\u00a0\u00bb _builder_version=\u00a0\u00bb4.14.4&Prime; background_size=\u00a0\u00bbinitial\u00a0\u00bb background_position=\u00a0\u00bbtop_left\u00a0\u00bb background_repeat=\u00a0\u00bbrepeat\u00a0\u00bb custom_margin=\u00a0\u00bb6px||||false|false\u00a0\u00bb custom_padding=\u00a0\u00bb28px||0px||false|false\u00a0\u00bb animation=\u00a0\u00bbfade_in\u00a0\u00bb hover_enabled=\u00a0\u00bb0&Prime; global_colors_info=\u00a0\u00bb{}\u00a0\u00bb sticky_enabled=\u00a0\u00bb0&Prime;]<\/p>\n<p>Aenean consectetur ipsum ante, vel egestas enim tincidunt quis. Pellentesque vitae congue neque, vel mattis ante. In vitae tempus nunc.<\/p>\n<p>[\/et_pb_team_member][et_pb_team_member name=\u00a0\u00bbDja Tsing Karelle YEMBIT\u00a0\u00bb position=\u00a0\u00bbTr\u00e9sorier\u00a0\u00bb image_url=\u00a0\u00bbhttps:\/\/apm3g.com\/wp-content\/uploads\/2022\/08\/logo_APM.png\u00a0\u00bb facebook_url=\u00a0\u00bb#\u00a0\u00bb twitter_url=\u00a0\u00bb#\u00a0\u00bb google_url=\u00a0\u00bb#\u00a0\u00bb linkedin_url=\u00a0\u00bb#\u00a0\u00bb icon_color=\u00a0\u00bb#2ea3f2&Prime; admin_label=\u00a0\u00bbTeam Member\u00a0\u00bb _builder_version=\u00a0\u00bb4.14.4&Prime; background_size=\u00a0\u00bbinitial\u00a0\u00bb background_position=\u00a0\u00bbtop_left\u00a0\u00bb background_repeat=\u00a0\u00bbrepeat\u00a0\u00bb custom_margin=\u00a0\u00bb6px||||false|false\u00a0\u00bb custom_padding=\u00a0\u00bb28px||0px||false|false\u00a0\u00bb animation=\u00a0\u00bbfade_in\u00a0\u00bb hover_enabled=\u00a0\u00bb0&Prime; global_colors_info=\u00a0\u00bb{}\u00a0\u00bb sticky_enabled=\u00a0\u00bb0&Prime;]<\/p>\n<p>Aenean consectetur ipsum ante, vel egestas enim tincidunt quis. Pellentesque vitae congue neque, vel mattis ante. In vitae tempus nunc.<\/p>\n<p>[\/et_pb_team_member][\/et_pb_column][et_pb_column type=\u00a0\u00bb1_3&Prime; _builder_version=\u00a0\u00bb3.25&Prime; custom_padding=\u00a0\u00bb|||\u00a0\u00bb global_colors_info=\u00a0\u00bb{}\u00a0\u00bb custom_padding__hover=\u00a0\u00bb|||\u00a0\u00bb][et_pb_team_member name=\u00a0\u00bbF\u00e9licie Larissa YEMBIT ep GUIMBOUNDA\u00a0\u00bb position=\u00a0\u00bbSecr\u00e9taire G\u00e9n\u00e9rale \u00a0\u00bb image_url=\u00a0\u00bbhttps:\/\/apm3g.com\/wp-content\/uploads\/2022\/08\/logo_APM.png\u00a0\u00bb facebook_url=\u00a0\u00bb#\u00a0\u00bb twitter_url=\u00a0\u00bb#\u00a0\u00bb google_url=\u00a0\u00bb#\u00a0\u00bb linkedin_url=\u00a0\u00bb#\u00a0\u00bb icon_color=\u00a0\u00bb#2ea3f2&Prime; admin_label=\u00a0\u00bbTeam Member\u00a0\u00bb _builder_version=\u00a0\u00bb4.14.4&Prime; background_size=\u00a0\u00bbinitial\u00a0\u00bb background_position=\u00a0\u00bbtop_left\u00a0\u00bb background_repeat=\u00a0\u00bbrepeat\u00a0\u00bb custom_margin=\u00a0\u00bb6px||||false|false\u00a0\u00bb custom_padding=\u00a0\u00bb28px||||false|false\u00a0\u00bb animation=\u00a0\u00bbfade_in\u00a0\u00bb hover_enabled=\u00a0\u00bb0&Prime; global_colors_info=\u00a0\u00bb{}\u00a0\u00bb sticky_enabled=\u00a0\u00bb0&Prime;]<\/p>\n<p>Aenean consectetur ipsum ante, vel egestas enim tincidunt quis. Pellentesque vitae congue neque, vel mattis ante. In vitae tempus nunc.<\/p>\n<p>[\/et_pb_team_member][et_pb_team_member name=\u00a0\u00bbF\u00e9licie Larissa YEMBIT ep GUIMBOUNDA\u00a0\u00bb position=\u00a0\u00bbSecr\u00e9taire G\u00e9n\u00e9rale \u00a0\u00bb image_url=\u00a0\u00bbhttps:\/\/apm3g.com\/wp-content\/uploads\/2022\/08\/logo_APM.png\u00a0\u00bb facebook_url=\u00a0\u00bb#\u00a0\u00bb twitter_url=\u00a0\u00bb#\u00a0\u00bb google_url=\u00a0\u00bb#\u00a0\u00bb linkedin_url=\u00a0\u00bb#\u00a0\u00bb icon_color=\u00a0\u00bb#2ea3f2&Prime; admin_label=\u00a0\u00bbTeam Member\u00a0\u00bb _builder_version=\u00a0\u00bb4.14.4&Prime; background_size=\u00a0\u00bbinitial\u00a0\u00bb background_position=\u00a0\u00bbtop_left\u00a0\u00bb background_repeat=\u00a0\u00bbrepeat\u00a0\u00bb custom_margin=\u00a0\u00bb6px||||false|false\u00a0\u00bb custom_padding=\u00a0\u00bb28px||||false|false\u00a0\u00bb animation=\u00a0\u00bbfade_in\u00a0\u00bb hover_enabled=\u00a0\u00bb0&Prime; global_colors_info=\u00a0\u00bb{}\u00a0\u00bb sticky_enabled=\u00a0\u00bb0&Prime;]<\/p>\n<p>Aenean consectetur ipsum ante, vel egestas enim tincidunt quis. Pellentesque vitae congue neque, vel mattis ante. In vitae tempus nunc.<\/p>\n<p>[\/et_pb_team_member][\/et_pb_column][\/et_pb_row][\/et_pb_section]<\/p>\n","protected":false},"excerpt":{"rendered":"<p>Notre histoire Curabitur quis dui volutpat, cursus eros ut, commodo elit. Cum sociis natoque penatibus et magnis dis parturient montes, nascetur ridiculus mus. Ut id est euismod, rhoncus nunc quis, lobortis turpis. Tam sociis natoque. Curabitur quis dui volutpat, cursus eros ut, commodo elit. Cum sociis natoque penatibus et magnis dis parturient montes.Aenean consectetur ipsum [&hellip;]<\/p>\n","protected":false},"author":1,"featured_media":0,"parent":0,"menu_order":0,"comment_status":"closed","ping_status":"closed","template":"","meta":{"_et_pb_use_builder":"on","_et_pb_old_content":"","_et_gb_content_width":"","om_disable_all_campaigns":false,"_monsterinsights_skip_tracking":false,"_monsterinsights_sitenote_active":false,"_monsterinsights_sitenote_note":"","_monsterinsights_sitenote_category":0},"aioseo_notices":[],"_links":{"self":[{"href":"https:\/\/apm3g.com\/index.php\/wp-json\/wp\/v2\/pages\/186"}],"collection":[{"href":"https:\/\/apm3g.com\/index.php\/wp-json\/wp\/v2\/pages"}],"about":[{"href":"https:\/\/apm3g.com\/index.php\/wp-json\/wp\/v2\/types\/page"}],"author":[{"embeddable":true,"href":"https:\/\/apm3g.com\/index.php\/wp-json\/wp\/v2\/users\/1"}],"replies":[{"embeddable":true,"href":"https:\/\/apm3g.com\/index.php\/wp-json\/wp\/v2\/comments?post=186"}],"version-history":[{"count":9,"href":"https:\/\/apm3g.com\/index.php\/wp-json\/wp\/v2\/pages\/186\/revisions"}],"predecessor-version":[{"id":258,"href":"https:\/\/apm3g.com\/index.php\/wp-json\/wp\/v2\/pages\/186\/revisions\/258"}],"wp:attachment":[{"href":"https:\/\/apm3g.com\/index.php\/wp-json\/wp\/v2\/media?parent=186"}],"curies":[{"name":"wp","href":"https:\/\/api.w.org\/{rel}","templated":true}]}}